{"id":155,"date":"2024-10-09T18:20:57","date_gmt":"2024-10-09T18:20:57","guid":{"rendered":"https:\/\/bei-paulina.at\/?page_id=155"},"modified":"2024-10-09T18:20:57","modified_gmt":"2024-10-09T18:20:57","slug":"gewuerze","status":"publish","type":"page","link":"https:\/\/bei-paulina.at\/index.php\/gewuerze\/","title":{"rendered":"Gew\u00fcrze"},"content":{"rendered":"\n<p>Gew\u00fcrze einzeln in R\u00f6hrchen, oder zusammen als fertiges Geschenk verpackt mit passendem Anh\u00e4nger, so dass es direkt \u00fcbergeben werden kann.<\/p>\n\n\n\n<figure class=\"wp-block-image size-full\"><img fetchpriority=\"high\" decoding=\"async\" width=\"1000\" height=\"562\" src=\"https:\/\/bei-paulina.at\/wp-content\/uploads\/2024\/10\/Gewuerze1.jpg\" alt=\"\" class=\"wp-image-157\" srcset=\"https:\/\/bei-paulina.at\/wp-content\/uploads\/2024\/10\/Gewuerze1.jpg 1000w, https:\/\/bei-paulina.at\/wp-content\/uploads\/2024\/10\/Gewuerze1-300x169.jpg 300w, https:\/\/bei-paulina.at\/wp-content\/uploads\/2024\/10\/Gewuerze1-768x432.jpg 768w\" sizes=\"(max-width: 1000px) 100vw, 1000px\" \/><\/figure>\n\n\n\n<figure class=\"wp-block-image size-full\"><img decoding=\"async\" width=\"1000\" height=\"562\" src=\"https:\/\/bei-paulina.at\/wp-content\/uploads\/2024\/10\/Gewuerze.jpg\" alt=\"\" class=\"wp-image-158\" srcset=\"https:\/\/bei-paulina.at\/wp-content\/uploads\/2024\/10\/Gewuerze.jpg 1000w, https:\/\/bei-paulina.at\/wp-content\/uploads\/2024\/10\/Gewuerze-300x169.jpg 300w, https:\/\/bei-paulina.at\/wp-content\/uploads\/2024\/10\/Gewuerze-768x432.jpg 768w\" sizes=\"(max-width: 1000px) 100vw, 1000px\" \/><\/figure>\n\n\n\n<figure class=\"wp-block-image size-large\"><img decoding=\"async\" width=\"1024\" height=\"576\" src=\"https:\/\/bei-paulina.at\/wp-content\/uploads\/2024\/10\/20240928_141403-1024x576.jpg\" alt=\"\" class=\"wp-image-159\" srcset=\"https:\/\/bei-paulina.at\/wp-content\/uploads\/2024\/10\/20240928_141403-1024x576.jpg 1024w, https:\/\/bei-paulina.at\/wp-content\/uploads\/2024\/10\/20240928_141403-300x169.jpg 300w, https:\/\/bei-paulina.at\/wp-content\/uploads\/2024\/10\/20240928_141403-768x432.jpg 768w, https:\/\/bei-paulina.at\/wp-content\/uploads\/2024\/10\/20240928_141403-1536x864.jpg 1536w, https:\/\/bei-paulina.at\/wp-content\/uploads\/2024\/10\/20240928_141403-2048x1152.jpg 2048w\" sizes=\"(max-width: 1024px) 100vw, 1024px\" \/><\/figure>\n","protected":false},"excerpt":{"rendered":"<p>Gew\u00fcrze einzeln in R\u00f6hrchen, oder zusammen als fertiges Geschenk verpackt mit passendem Anh\u00e4nger, so dass es direkt \u00fcbergeben werden kann.<\/p>\n","protected":false},"author":1,"featured_media":156,"parent":0,"menu_order":0,"comment_status":"closed","ping_status":"closed","template":"","meta":{"footnotes":""},"class_list":["post-155","page","type-page","status-publish","has-post-thumbnail","hentry"],"_links":{"self":[{"href":"https:\/\/bei-paulina.at\/index.php\/wp-json\/wp\/v2\/pages\/155","targetHints":{"allow":["GET"]}}],"collection":[{"href":"https:\/\/bei-paulina.at\/index.php\/wp-json\/wp\/v2\/pages"}],"about":[{"href":"https:\/\/bei-paulina.at\/index.php\/wp-json\/wp\/v2\/types\/page"}],"author":[{"embeddable":true,"href":"https:\/\/bei-paulina.at\/index.php\/wp-json\/wp\/v2\/users\/1"}],"replies":[{"embeddable":true,"href":"https:\/\/bei-paulina.at\/index.php\/wp-json\/wp\/v2\/comments?post=155"}],"version-history":[{"count":1,"href":"https:\/\/bei-paulina.at\/index.php\/wp-json\/wp\/v2\/pages\/155\/revisions"}],"predecessor-version":[{"id":160,"href":"https:\/\/bei-paulina.at\/index.php\/wp-json\/wp\/v2\/pages\/155\/revisions\/160"}],"wp:featuredmedia":[{"embeddable":true,"href":"https:\/\/bei-paulina.at\/index.php\/wp-json\/wp\/v2\/media\/156"}],"wp:attachment":[{"href":"https:\/\/bei-paulina.at\/index.php\/wp-json\/wp\/v2\/media?parent=155"}],"curies":[{"name":"wp","href":"https:\/\/api.w.org\/{rel}","templated":true}]}}