{"id":171,"date":"2024-10-09T18:48:49","date_gmt":"2024-10-09T18:48:49","guid":{"rendered":"https:\/\/bei-paulina.at\/?page_id=171"},"modified":"2024-10-09T18:48:49","modified_gmt":"2024-10-09T18:48:49","slug":"agbs","status":"publish","type":"page","link":"https:\/\/bei-paulina.at\/index.php\/agbs\/","title":{"rendered":"AGBs"},"content":{"rendered":"\n<p>Paulina Papier &amp; Kreatives \/ Spielen &amp; Schenken<br>Inhaberin: Astrid Breitenberger<br><\/p>\n\n\n\n<p>Besuchen sie unser Gesch\u00e4ft in 6844 Altach, Achstra\u00dfe 1. <\/p>\n\n\n\n<p>Unsere Homepage soll nur einen kleinen \u00dcberblick \u00fcber unser breites Sortiment bieten und beinhaltet keine Shop Funktionen. <\/p>\n","protected":false},"excerpt":{"rendered":"<p>Paulina Papier &amp; Kreatives \/ Spielen &amp; SchenkenInhaberin: Astrid Breitenberger Besuchen sie unser Gesch\u00e4ft in 6844 Altach, Achstra\u00dfe 1. Unsere Homepage soll nur einen kleinen \u00dcberblick \u00fcber unser breites Sortiment bieten und beinhaltet keine Shop Funktionen.<\/p>\n","protected":false},"author":1,"featured_media":0,"parent":0,"menu_order":0,"comment_status":"closed","ping_status":"closed","template":"","meta":{"footnotes":""},"class_list":["post-171","page","type-page","status-publish","hentry"],"_links":{"self":[{"href":"https:\/\/bei-paulina.at\/index.php\/wp-json\/wp\/v2\/pages\/171","targetHints":{"allow":["GET"]}}],"collection":[{"href":"https:\/\/bei-paulina.at\/index.php\/wp-json\/wp\/v2\/pages"}],"about":[{"href":"https:\/\/bei-paulina.at\/index.php\/wp-json\/wp\/v2\/types\/page"}],"author":[{"embeddable":true,"href":"https:\/\/bei-paulina.at\/index.php\/wp-json\/wp\/v2\/users\/1"}],"replies":[{"embeddable":true,"href":"https:\/\/bei-paulina.at\/index.php\/wp-json\/wp\/v2\/comments?post=171"}],"version-history":[{"count":1,"href":"https:\/\/bei-paulina.at\/index.php\/wp-json\/wp\/v2\/pages\/171\/revisions"}],"predecessor-version":[{"id":172,"href":"https:\/\/bei-paulina.at\/index.php\/wp-json\/wp\/v2\/pages\/171\/revisions\/172"}],"wp:attachment":[{"href":"https:\/\/bei-paulina.at\/index.php\/wp-json\/wp\/v2\/media?parent=171"}],"curies":[{"name":"wp","href":"https:\/\/api.w.org\/{rel}","templated":true}]}}