{"id":22,"date":"2024-09-24T15:04:08","date_gmt":"2024-09-24T15:04:08","guid":{"rendered":"https:\/\/bei-paulina.at\/?page_id=22"},"modified":"2024-10-09T17:54:41","modified_gmt":"2024-10-09T17:54:41","slug":"karten","status":"publish","type":"page","link":"https:\/\/bei-paulina.at\/index.php\/karten\/","title":{"rendered":"Karten"},"content":{"rendered":"\t\t<div data-elementor-type=\"wp-page\" data-elementor-id=\"22\" class=\"elementor elementor-22\">\n\t\t\t\t<div class=\"elementor-element elementor-element-efcdb12 e-flex e-con-boxed e-con e-parent\" data-id=\"efcdb12\" data-element_type=\"container\">\n\t\t\t\t\t<div class=\"e-con-inner\">\n\t\t<div class=\"elementor-element elementor-element-52ed217 e-con-full e-flex e-con e-child\" data-id=\"52ed217\" data-element_type=\"container\">\n\t\t\t\t<\/div>\n\t\t<div class=\"elementor-element elementor-element-a566863 e-con-full e-flex e-con e-child\" data-id=\"a566863\" data-element_type=\"container\">\n\t\t<div class=\"elementor-element elementor-element-13d42d6 e-con-full e-flex e-con e-child\" data-id=\"13d42d6\" data-element_type=\"container\">\n\t\t\t\t<\/div>\n\t\t<div class=\"elementor-element elementor-element-c19e03c e-con-full e-flex e-con e-child\" data-id=\"c19e03c\" data-element_type=\"container\">\n\t\t\t\t<\/div>\n\t\t\t\t<\/div>\n\t\t\t\t<div class=\"elementor-element elementor-element-7ed5a75 elementor-widget elementor-widget-image\" data-id=\"7ed5a75\" data-element_type=\"widget\" data-widget_type=\"image.default\">\n\t\t\t\t<div class=\"elementor-widget-container\">\n\t\t\t\t\t\t\t\t\t\t\t\t\t\t\t<img fetchpriority=\"high\" decoding=\"async\" width=\"768\" height=\"1024\" src=\"https:\/\/bei-paulina.at\/wp-content\/uploads\/2024\/09\/Karten2-768x1024.jpg\" class=\"attachment-large size-large wp-image-44\" alt=\"\" srcset=\"https:\/\/bei-paulina.at\/wp-content\/uploads\/2024\/09\/Karten2-768x1024.jpg 768w, https:\/\/bei-paulina.at\/wp-content\/uploads\/2024\/09\/Karten2-225x300.jpg 225w, https:\/\/bei-paulina.at\/wp-content\/uploads\/2024\/09\/Karten2-1152x1536.jpg 1152w, https:\/\/bei-paulina.at\/wp-content\/uploads\/2024\/09\/Karten2.jpg 1200w\" sizes=\"(max-width: 768px) 100vw, 768px\" \/>\t\t\t\t\t\t\t\t\t\t\t\t\t\t\t<\/div>\n\t\t\t\t<\/div>\n\t\t<div class=\"elementor-element elementor-element-be4d758 e-grid e-con-full e-con e-child\" data-id=\"be4d758\" data-element_type=\"container\">\n\t\t\t\t<div class=\"elementor-element elementor-element-7fc75ac elementor-widget elementor-widget-image\" data-id=\"7fc75ac\" data-element_type=\"widget\" data-widget_type=\"image.default\">\n\t\t\t\t<div class=\"elementor-widget-container\">\n\t\t\t\t\t\t\t\t\t\t\t\t\t\t\t<img decoding=\"async\" width=\"768\" height=\"1024\" src=\"https:\/\/bei-paulina.at\/wp-content\/uploads\/2024\/09\/Karten-768x1024.jpg\" class=\"attachment-large size-large wp-image-43\" alt=\"\" srcset=\"https:\/\/bei-paulina.at\/wp-content\/uploads\/2024\/09\/Karten-768x1024.jpg 768w, https:\/\/bei-paulina.at\/wp-content\/uploads\/2024\/09\/Karten-225x300.jpg 225w, https:\/\/bei-paulina.at\/wp-content\/uploads\/2024\/09\/Karten-1152x1536.jpg 1152w, https:\/\/bei-paulina.at\/wp-content\/uploads\/2024\/09\/Karten.jpg 1200w\" sizes=\"(max-width: 768px) 100vw, 768px\" \/>\t\t\t\t\t\t\t\t\t\t\t\t\t\t\t<\/div>\n\t\t\t\t<\/div>\n\t\t\t\t<\/div>\n\t\t\t\t\t<\/div>\n\t\t\t\t<\/div>\n\t\t<div class=\"elementor-element elementor-element-affadec e-flex e-con-boxed e-con e-parent\" data-id=\"affadec\" data-element_type=\"container\">\n\t\t\t\t\t<div class=\"e-con-inner\">\n\t\t\t\t<div class=\"elementor-element elementor-element-22fdeda elementor-widget elementor-widget-heading\" data-id=\"22fdeda\" data-element_type=\"widget\" data-widget_type=\"heading.default\">\n\t\t\t\t<div class=\"elementor-widget-container\">\n\t\t\t\t\t<h4 class=\"elementor-heading-title elementor-size-default\">Karten mit knackigen Texten f\u00fcr jeden Anlass <\/h4>\t\t\t\t<\/div>\n\t\t\t\t<\/div>\n\t\t\t\t\t<\/div>\n\t\t\t\t<\/div>\n\t\t<div class=\"elementor-element elementor-element-1815aef e-flex e-con-boxed e-con e-parent\" data-id=\"1815aef\" data-element_type=\"container\">\n\t\t\t\t\t<div class=\"e-con-inner\">\n\t\t\t\t<div class=\"elementor-element elementor-element-22a99d6 elementor-widget elementor-widget-image\" data-id=\"22a99d6\" data-element_type=\"widget\" data-widget_type=\"image.default\">\n\t\t\t\t<div class=\"elementor-widget-container\">\n\t\t\t\t\t\t\t\t\t\t\t\t\t\t\t<img decoding=\"async\" width=\"768\" height=\"1024\" src=\"https:\/\/bei-paulina.at\/wp-content\/uploads\/2024\/09\/Karten3-768x1024.jpg\" class=\"attachment-large size-large wp-image-45\" alt=\"\" srcset=\"https:\/\/bei-paulina.at\/wp-content\/uploads\/2024\/09\/Karten3-768x1024.jpg 768w, https:\/\/bei-paulina.at\/wp-content\/uploads\/2024\/09\/Karten3-225x300.jpg 225w, https:\/\/bei-paulina.at\/wp-content\/uploads\/2024\/09\/Karten3-1152x1536.jpg 1152w, https:\/\/bei-paulina.at\/wp-content\/uploads\/2024\/09\/Karten3.jpg 1200w\" sizes=\"(max-width: 768px) 100vw, 768px\" \/>\t\t\t\t\t\t\t\t\t\t\t\t\t\t\t<\/div>\n\t\t\t\t<\/div>\n\t\t\t\t\t<\/div>\n\t\t\t\t<\/div>\n\t\t\t\t<\/div>\n\t\t","protected":false},"excerpt":{"rendered":"<p>Karten zum Schmunzeln mit knackigen Spr\u00fcchen, mit viel Witz und Wahrheit Karten f\u00fcr jeden Anlass Geburt, Hochzeit, Trauerfall, Geburtstag uvm. Karten mit Herz und Liebe Zaubern sie ihrem Schatz ein L\u00e4cheln ins Gesicht<\/p>\n","protected":false},"author":1,"featured_media":149,"parent":0,"menu_order":0,"comment_status":"closed","ping_status":"closed","template":"","meta":{"footnotes":""},"class_list":["post-22","page","type-page","status-publish","has-post-thumbnail","hentry"],"_links":{"self":[{"href":"https:\/\/bei-paulina.at\/index.php\/wp-json\/wp\/v2\/pages\/22","targetHints":{"allow":["GET"]}}],"collection":[{"href":"https:\/\/bei-paulina.at\/index.php\/wp-json\/wp\/v2\/pages"}],"about":[{"href":"https:\/\/bei-paulina.at\/index.php\/wp-json\/wp\/v2\/types\/page"}],"author":[{"embeddable":true,"href":"https:\/\/bei-paulina.at\/index.php\/wp-json\/wp\/v2\/users\/1"}],"replies":[{"embeddable":true,"href":"https:\/\/bei-paulina.at\/index.php\/wp-json\/wp\/v2\/comments?post=22"}],"version-history":[{"count":9,"href":"https:\/\/bei-paulina.at\/index.php\/wp-json\/wp\/v2\/pages\/22\/revisions"}],"predecessor-version":[{"id":110,"href":"https:\/\/bei-paulina.at\/index.php\/wp-json\/wp\/v2\/pages\/22\/revisions\/110"}],"wp:featuredmedia":[{"embeddable":true,"href":"https:\/\/bei-paulina.at\/index.php\/wp-json\/wp\/v2\/media\/149"}],"wp:attachment":[{"href":"https:\/\/bei-paulina.at\/index.php\/wp-json\/wp\/v2\/media?parent=22"}],"curies":[{"name":"wp","href":"https:\/\/api.w.org\/{rel}","templated":true}]}}